{"id":308,"date":"2022-08-14T17:30:42","date_gmt":"2022-08-14T17:30:42","guid":{"rendered":"https:\/\/volumetrico.io\/?page_id=308"},"modified":"2022-11-29T13:10:11","modified_gmt":"2022-11-29T13:10:11","slug":"faq","status":"publish","type":"page","link":"https:\/\/volumetrico.io\/es\/faq\/","title":{"rendered":"FaQ"},"content":{"rendered":"<div data-elementor-type=\"wp-page\" data-elementor-id=\"308\" class=\"elementor elementor-308\">\n\t\t\t\t\t\t\t\t\t<section class=\"elementor-section elementor-top-section elementor-element elementor-element-d7b8850 elementor-section-boxed elementor-section-height-default elementor-section-height-default\" data-id=\"d7b8850\" data-element_type=\"section\">\n\t\t\t\t\t\t<div class=\"elementor-container elementor-column-gap-default\">\n\t\t\t\t\t<div class=\"elementor-column elementor-col-100 elementor-top-column elementor-element elementor-element-e62d656\" data-id=\"e62d656\" data-element_type=\"column\">\n\t\t\t<div class=\"elementor-widget-wrap elementor-element-populated\">\n\t\t\t\t\t\t\t\t<div class=\"elementor-element elementor-element-394a73c elementor-widget elementor-widget-heading\" data-id=\"394a73c\" data-element_type=\"widget\" data-widget_type=\"heading.default\">\n\t\t\t\t<div class=\"elementor-widget-container\">\n\t\t\t<style>\/*! elementor - v3.7.7 - 20-09-2022 *\/\n.elementor-heading-title{padding:0;margin:0;line-height:1}.elementor-widget-heading .elementor-heading-title[class*=elementor-size-]>a{color:inherit;font-size:inherit;line-height:inherit}.elementor-widget-heading .elementor-heading-title.elementor-size-small{font-size:15px}.elementor-widget-heading .elementor-heading-title.elementor-size-medium{font-size:19px}.elementor-widget-heading .elementor-heading-title.elementor-size-large{font-size:29px}.elementor-widget-heading .elementor-heading-title.elementor-size-xl{font-size:39px}.elementor-widget-heading .elementor-heading-title.elementor-size-xxl{font-size:59px}<\/style><h2 class=\"elementor-heading-title elementor-size-default\">\u00bfCU\u00c1NTO CUESTA PRODUCIR UN VIDEO?<\/h2>\t\t<\/div>\n\t\t\t\t<\/div>\n\t\t\t\t<div class=\"elementor-element elementor-element-886dfce elementor-widget elementor-widget-text-editor\" data-id=\"886dfce\" data-element_type=\"widget\" data-widget_type=\"text-editor.default\">\n\t\t\t\t<div class=\"elementor-widget-container\">\n\t\t\t<style>\/*! elementor - v3.7.7 - 20-09-2022 *\/\n.elementor-widget-text-editor.elementor-drop-cap-view-stacked .elementor-drop-cap{background-color:#818a91;color:#fff}.elementor-widget-text-editor.elementor-drop-cap-view-framed .elementor-drop-cap{color:#818a91;border:3px solid;background-color:transparent}.elementor-widget-text-editor:not(.elementor-drop-cap-view-default) .elementor-drop-cap{margin-top:8px}.elementor-widget-text-editor:not(.elementor-drop-cap-view-default) .elementor-drop-cap-letter{width:1em;height:1em}.elementor-widget-text-editor .elementor-drop-cap{float:left;text-align:center;line-height:1;font-size:50px}.elementor-widget-text-editor .elementor-drop-cap-letter{display:inline-block}<\/style>\t\t\t\tUn video corporativo de 2 a 3 minutos producido profesionalmente suele costar entre 2.000 y 7.000 euros. La mayor\u00eda de las empresas coinciden en que la produccion de un video de este estilo suele costar entre 1.000 y 5.000 euros por minuto. Consideramos que es un buen punto de partida a tener en cuenta a la hora de hacer un presupuesto. Sin embargo, los proyectos de video personalizados de mayor envergadura pueden llegar a alcanzar los 50.000 euros.\t\t\t\t\t\t<\/div>\n\t\t\t\t<\/div>\n\t\t\t\t\t<\/div>\n\t\t<\/div>\n\t\t\t\t\t\t\t<\/div>\n\t\t<\/section>\n\t\t\t\t<section class=\"elementor-section elementor-top-section elementor-element elementor-element-7cc26f0 elementor-section-boxed elementor-section-height-default elementor-section-height-default\" data-id=\"7cc26f0\" data-element_type=\"section\">\n\t\t\t\t\t\t<div class=\"elementor-container elementor-column-gap-default\">\n\t\t\t\t\t<div class=\"elementor-column elementor-col-100 elementor-top-column elementor-element elementor-element-4db091b\" data-id=\"4db091b\" data-element_type=\"column\">\n\t\t\t<div class=\"elementor-widget-wrap elementor-element-populated\">\n\t\t\t\t\t\t\t\t<div class=\"elementor-element elementor-element-9a56bd5 elementor-widget elementor-widget-heading\" data-id=\"9a56bd5\" data-element_type=\"widget\" data-widget_type=\"heading.default\">\n\t\t\t\t<div class=\"elementor-widget-container\">\n\t\t\t<h2 class=\"elementor-heading-title elementor-size-default\">\u00bfCU\u00c1L ES EL PROCESO DE PRODUCCI\u00d3N DE UN VIDEO?\n<\/h2>\t\t<\/div>\n\t\t\t\t<\/div>\n\t\t\t\t<div class=\"elementor-element elementor-element-51b4c10 elementor-widget elementor-widget-text-editor\" data-id=\"51b4c10\" data-element_type=\"widget\" data-widget_type=\"text-editor.default\">\n\t\t\t\t<div class=\"elementor-widget-container\">\n\t\t\t\t\t\t\tLa creaci\u00f3n de un video, desde su concepci\u00f3n hasta su finalizaci\u00f3n, consta de tres fases: La preproducci\u00f3n, la producci\u00f3n y postproducci\u00f3n. En la preproducci\u00f3n es el momento en donde se realiza la planificaci\u00f3n y coordinaci\u00f3n. Luego en la producci\u00f3n es cuando se capturan todos los elementos en el video final. Finalmente en la postproduccion es cuando se editan y combinan todas las piezas para crear el video final.\t\t\t\t\t\t<\/div>\n\t\t\t\t<\/div>\n\t\t\t\t\t<\/div>\n\t\t<\/div>\n\t\t\t\t\t\t\t<\/div>\n\t\t<\/section>\n\t\t\t\t<section class=\"elementor-section elementor-top-section elementor-element elementor-element-7593248 elementor-section-boxed elementor-section-height-default elementor-section-height-default\" data-id=\"7593248\" data-element_type=\"section\">\n\t\t\t\t\t\t<div class=\"elementor-container elementor-column-gap-default\">\n\t\t\t\t\t<div class=\"elementor-column elementor-col-100 elementor-top-column elementor-element elementor-element-cd2de5b\" data-id=\"cd2de5b\" data-element_type=\"column\">\n\t\t\t<div class=\"elementor-widget-wrap elementor-element-populated\">\n\t\t\t\t\t\t\t\t<div class=\"elementor-element elementor-element-79a1af8 elementor-widget elementor-widget-heading\" data-id=\"79a1af8\" data-element_type=\"widget\" data-widget_type=\"heading.default\">\n\t\t\t\t<div class=\"elementor-widget-container\">\n\t\t\t<h2 class=\"elementor-heading-title elementor-size-default\">\u00bfCON CU\u00c1NTAS PERSONAS CUENTA VOLUMETRICO PARA EL RODAJE DE VIDEOS?\n<\/h2>\t\t<\/div>\n\t\t\t\t<\/div>\n\t\t\t\t<div class=\"elementor-element elementor-element-8d862a7 elementor-widget elementor-widget-text-editor\" data-id=\"8d862a7\" data-element_type=\"widget\" data-widget_type=\"text-editor.default\">\n\t\t\t\t<div class=\"elementor-widget-container\">\n\t\t\t\t\t\t\tDepende del tipo de trabajo. Para entrevistas sencillas o casos de estudio, ponemos a tu disposici\u00f3n un vide\u00f3grafo \"autodidacta\" que trabajar\u00e1 por su cuenta para captar todo el material necesario<br><br>\nSin embargo, preferimos utilizar un equipo de dos o tres personas, conformado por un productor\/director que supervise el rodaje y realice las entrevistas y uno o dos operadores de c\u00e1mara que se concentren en los aspectos t\u00e9cnicos y visuales. De esta forma se garantiza una cobertura m\u00e1s eficaz de los mensajes principales del video.<br><br>\nPara requerimientos de rodaje m\u00e1s complejos, recomendamos a\u00f1adir miembros adicionales al equipo, tales como operadores de c\u00e1mara, sonidistas u operadores de drones. Todos estos se incluir\u00e1n por separado en nuestro presupuesto.\t\t\t\t\t\t<\/div>\n\t\t\t\t<\/div>\n\t\t\t\t\t<\/div>\n\t\t<\/div>\n\t\t\t\t\t\t\t<\/div>\n\t\t<\/section>\n\t\t\t\t<section class=\"elementor-section elementor-top-section elementor-element elementor-element-cf11a40 elementor-section-boxed elementor-section-height-default elementor-section-height-default\" data-id=\"cf11a40\" data-element_type=\"section\">\n\t\t\t\t\t\t<div class=\"elementor-container elementor-column-gap-default\">\n\t\t\t\t\t<div class=\"elementor-column elementor-col-100 elementor-top-column elementor-element elementor-element-2fd4e87\" data-id=\"2fd4e87\" data-element_type=\"column\">\n\t\t\t<div class=\"elementor-widget-wrap elementor-element-populated\">\n\t\t\t\t\t\t\t\t<div class=\"elementor-element elementor-element-3d58cdb elementor-widget elementor-widget-heading\" data-id=\"3d58cdb\" data-element_type=\"widget\" data-widget_type=\"heading.default\">\n\t\t\t\t<div class=\"elementor-widget-container\">\n\t\t\t<h2 class=\"elementor-heading-title elementor-size-default\">\u00bfQU\u00c9 HAY DE LOS GR\u00c1FICOS Y LA MARCA?\n<\/h2>\t\t<\/div>\n\t\t\t\t<\/div>\n\t\t\t\t<div class=\"elementor-element elementor-element-50f1ac8 elementor-widget elementor-widget-text-editor\" data-id=\"50f1ac8\" data-element_type=\"widget\" data-widget_type=\"text-editor.default\">\n\t\t\t\t<div class=\"elementor-widget-container\">\n\t\t\t\t\t\t\tAdem\u00e1s de la filmaci\u00f3n, crearemos todos los gr\u00e1ficos animados que sean necesarios para el video. Pueden ser desde un simple logotipo animado hasta una serie de infografias elegantes. Siempre consideramos utilizar los gr\u00e1ficos de forma que complementen el mensaje del video en lugar de complicarlo.\t\t\t\t\t\t<\/div>\n\t\t\t\t<\/div>\n\t\t\t\t\t<\/div>\n\t\t<\/div>\n\t\t\t\t\t\t\t<\/div>\n\t\t<\/section>\n\t\t\t\t<section class=\"elementor-section elementor-top-section elementor-element elementor-element-e2acec5 elementor-section-boxed elementor-section-height-default elementor-section-height-default\" data-id=\"e2acec5\" data-element_type=\"section\">\n\t\t\t\t\t\t<div class=\"elementor-container elementor-column-gap-default\">\n\t\t\t\t\t<div class=\"elementor-column elementor-col-100 elementor-top-column elementor-element elementor-element-3e35b05\" data-id=\"3e35b05\" data-element_type=\"column\">\n\t\t\t<div class=\"elementor-widget-wrap elementor-element-populated\">\n\t\t\t\t\t\t\t\t<div class=\"elementor-element elementor-element-5863090 elementor-widget elementor-widget-heading\" data-id=\"5863090\" data-element_type=\"widget\" data-widget_type=\"heading.default\">\n\t\t\t\t<div class=\"elementor-widget-container\">\n\t\t\t<h2 class=\"elementor-heading-title elementor-size-default\">\u00bfA\u00d1ADEN VOZ EN OFF Y M\u00daSICA?\n<\/h2>\t\t<\/div>\n\t\t\t\t<\/div>\n\t\t\t\t<div class=\"elementor-element elementor-element-12d7eee elementor-widget elementor-widget-text-editor\" data-id=\"12d7eee\" data-element_type=\"widget\" data-widget_type=\"text-editor.default\">\n\t\t\t\t<div class=\"elementor-widget-container\">\n\t\t\t\t\t\t\tNo todos los proyectos requeren de locuci\u00f3n, pero cuando sea necesario, podemos proporcionarte algunas muestras para que puedas elegir y asi nosotros nos encargaremos del resto.<br><br>\n\nSi necesitas una pista musical de fondo, podemos buscarla en la biblioteca de m\u00fasica y proporcionarte una licencia para poder utilizarla en el video final.\t\t\t\t\t\t<\/div>\n\t\t\t\t<\/div>\n\t\t\t\t\t<\/div>\n\t\t<\/div>\n\t\t\t\t\t\t\t<\/div>\n\t\t<\/section>\n\t\t\t\t<section class=\"elementor-section elementor-top-section elementor-element elementor-element-3ba4292 elementor-section-boxed elementor-section-height-default elementor-section-height-default\" data-id=\"3ba4292\" data-element_type=\"section\">\n\t\t\t\t\t\t<div class=\"elementor-container elementor-column-gap-default\">\n\t\t\t\t\t<div class=\"elementor-column elementor-col-100 elementor-top-column elementor-element elementor-element-48b1a57\" data-id=\"48b1a57\" data-element_type=\"column\">\n\t\t\t<div class=\"elementor-widget-wrap elementor-element-populated\">\n\t\t\t\t\t\t\t\t<div class=\"elementor-element elementor-element-b950223 elementor-widget elementor-widget-heading\" data-id=\"b950223\" data-element_type=\"widget\" data-widget_type=\"heading.default\">\n\t\t\t\t<div class=\"elementor-widget-container\">\n\t\t\t<h2 class=\"elementor-heading-title elementor-size-default\">\u00bfVOLUMETRICO PERMITE A\u00d1ADIR SUBT\u00cdTULOS A TUS VIDEOS?\n<\/h2>\t\t<\/div>\n\t\t\t\t<\/div>\n\t\t\t\t<div class=\"elementor-element elementor-element-3afa839 elementor-widget elementor-widget-text-editor\" data-id=\"3afa839\" data-element_type=\"widget\" data-widget_type=\"text-editor.default\">\n\t\t\t\t<div class=\"elementor-widget-container\">\n\t\t\t\t\t\t\tA\u00f1adir subt\u00edtulos es una petici\u00f3n cada vez m\u00e1s frecuente, por lo que ofrecemos dos opciones. La primera es a\u00f1adir los subt\u00edtulos directamente al video (para que aparezcan siempre, independientemente de cu\u00e1ndo y c\u00f3mo se acceda al video), o bien podemos proporcionar un archivo de subt\u00edtulos independiente que pueda subirse a YouTube u otras plataformas junto con el video. Esto te permite activar y desactivar los subt\u00edtulos y terner vaios archivos en diferentes idiomas para un mismo video.\t\t\t\t\t\t<\/div>\n\t\t\t\t<\/div>\n\t\t\t\t\t<\/div>\n\t\t<\/div>\n\t\t\t\t\t\t\t<\/div>\n\t\t<\/section>\n\t\t\t\t<section class=\"elementor-section elementor-top-section elementor-element elementor-element-8a534f8 elementor-section-boxed elementor-section-height-default elementor-section-height-default\" data-id=\"8a534f8\" data-element_type=\"section\">\n\t\t\t\t\t\t<div class=\"elementor-container elementor-column-gap-default\">\n\t\t\t\t\t<div class=\"elementor-column elementor-col-100 elementor-top-column elementor-element elementor-element-775fe27\" data-id=\"775fe27\" data-element_type=\"column\">\n\t\t\t<div class=\"elementor-widget-wrap elementor-element-populated\">\n\t\t\t\t\t\t\t\t<div class=\"elementor-element elementor-element-51213f5 elementor-widget elementor-widget-heading\" data-id=\"51213f5\" data-element_type=\"widget\" data-widget_type=\"heading.default\">\n\t\t\t\t<div class=\"elementor-widget-container\">\n\t\t\t<h2 class=\"elementor-heading-title elementor-size-default\">\u00bfQU\u00c9 TIPO DE EQUIPOS UTILIZAN?\n<\/h2>\t\t<\/div>\n\t\t\t\t<\/div>\n\t\t\t\t<div class=\"elementor-element elementor-element-aab88d1 elementor-widget elementor-widget-text-editor\" data-id=\"aab88d1\" data-element_type=\"widget\" data-widget_type=\"text-editor.default\">\n\t\t\t\t<div class=\"elementor-widget-container\">\n\t\t\t\t\t\t\tFilmamos todo con c\u00e1maras de video profesionales con calidad de emisi\u00f3n en 4K y utilizamos kits adicionales, tales como micr\u00f3fonos de radio, kits de iluminaci\u00f3n o pantallas verdes cuando sea necesario. Invertimos continuamente en nuevos equipos y software para mantenernos al d\u00eda con los estandares del sector, que suelen cambiar r\u00e1pidamente.\t\t\t\t\t\t<\/div>\n\t\t\t\t<\/div>\n\t\t\t\t\t<\/div>\n\t\t<\/div>\n\t\t\t\t\t\t\t<\/div>\n\t\t<\/section>\n\t\t\t\t\t\t\t<\/div>","protected":false},"excerpt":{"rendered":"<p>How much does it cost to get a video produced? A 2- to 3-minute professionally produced corporate video typically costs anywhere from \u20ac2,000 to \u20ac7,000. Most companies agree that video production usually costs around \u20ac1,000 to \u20ac5,000 per minute. We agree that it is a good starting point to consider when budgeting. However, sizable customised [&hellip;]<\/p>","protected":false},"author":1,"featured_media":0,"parent":0,"menu_order":0,"comment_status":"closed","ping_status":"closed","template":"elementor_header_footer","meta":{"inline_featured_image":false,"footnotes":""},"class_list":["post-308","page","type-page","status-publish","hentry"],"acf":[],"yoast_head":"<!-- This site is optimized with the Yoast SEO Premium plugin v17.1 (Yoast SEO v19.5.1) - https:\/\/yoast.com\/wordpress\/plugins\/seo\/ -->\n<title>FAQ | Volumetrico<\/title>\n<meta name=\"description\" content=\"Volumetrico experts answered the most Frequently Asked Questions\" \/>\n<meta name=\"robots\" content=\"index, follow, max-snippet:-1, max-image-preview:large, max-video-preview:-1\" \/>\n<link rel=\"canonical\" href=\"https:\/\/volumetrico.io\/es\/faq\/\" \/>\n<meta property=\"og:locale\" content=\"es_ES\" \/>\n<meta property=\"og:type\" content=\"article\" \/>\n<meta property=\"og:title\" content=\"FaQ\" \/>\n<meta property=\"og:description\" content=\"Volumetrico experts answered the most Frequently Asked Questions\" \/>\n<meta property=\"og:url\" content=\"https:\/\/volumetrico.io\/es\/faq\/\" \/>\n<meta property=\"og:site_name\" content=\"3D modelling, animation, and video production | Volumetrico\" \/>\n<meta property=\"article:publisher\" content=\"https:\/\/www.facebook.com\/volumetrico.agency\" \/>\n<meta property=\"article:modified_time\" content=\"2022-11-29T13:10:11+00:00\" \/>\n<meta property=\"og:image\" content=\"https:\/\/volumetrico.io\/wp-content\/uploads\/2022\/08\/1024-\u00d7-514.png\" \/>\n\t<meta property=\"og:image:width\" content=\"1024\" \/>\n\t<meta property=\"og:image:height\" content=\"512\" \/>\n\t<meta property=\"og:image:type\" content=\"image\/png\" \/>\n<meta name=\"twitter:card\" content=\"summary_large_image\" \/>\n<meta name=\"twitter:image\" content=\"https:\/\/volumetrico.io\/wp-content\/uploads\/2022\/08\/500-\u00d7-261.png\" \/>\n<meta name=\"twitter:label1\" content=\"Tiempo de lectura\" \/>\n\t<meta name=\"twitter:data1\" content=\"3 minutos\" \/>\n<script type=\"application\/ld+json\" class=\"yoast-schema-graph\">{\"@context\":\"https:\/\/schema.org\",\"@graph\":[{\"@type\":\"WebPage\",\"@id\":\"https:\/\/volumetrico.io\/faq\/\",\"url\":\"https:\/\/volumetrico.io\/faq\/\",\"name\":\"FAQ | Volumetrico\",\"isPartOf\":{\"@id\":\"https:\/\/volumetrico.io\/#website\"},\"datePublished\":\"2022-08-14T17:30:42+00:00\",\"dateModified\":\"2022-11-29T13:10:11+00:00\",\"description\":\"Volumetrico experts answered the most Frequently Asked Questions\",\"breadcrumb\":{\"@id\":\"https:\/\/volumetrico.io\/faq\/#breadcrumb\"},\"inLanguage\":\"es\",\"potentialAction\":[{\"@type\":\"ReadAction\",\"target\":[\"https:\/\/volumetrico.io\/faq\/\"]}]},{\"@type\":\"BreadcrumbList\",\"@id\":\"https:\/\/volumetrico.io\/faq\/#breadcrumb\",\"itemListElement\":[{\"@type\":\"ListItem\",\"position\":1,\"name\":\"Home\",\"item\":\"https:\/\/volumetrico.io\/\"},{\"@type\":\"ListItem\",\"position\":2,\"name\":\"FaQ\"}]},{\"@type\":\"WebSite\",\"@id\":\"https:\/\/volumetrico.io\/#website\",\"url\":\"https:\/\/volumetrico.io\/\",\"name\":\"3D modelling, animation, and video production | Volumetrico\",\"description\":\"\",\"publisher\":{\"@id\":\"https:\/\/volumetrico.io\/#organization\"},\"potentialAction\":[{\"@type\":\"SearchAction\",\"target\":{\"@type\":\"EntryPoint\",\"urlTemplate\":\"https:\/\/volumetrico.io\/?s={search_term_string}\"},\"query-input\":\"required name=search_term_string\"}],\"inLanguage\":\"es\"},{\"@type\":\"Organization\",\"@id\":\"https:\/\/volumetrico.io\/#organization\",\"name\":\"3D modelling, animation, and video production | Volumetrico\",\"url\":\"https:\/\/volumetrico.io\/\",\"sameAs\":[\"https:\/\/www.facebook.com\/volumetrico.agency\"],\"logo\":{\"@type\":\"ImageObject\",\"inLanguage\":\"es\",\"@id\":\"https:\/\/volumetrico.io\/#\/schema\/logo\/image\/\",\"url\":\"https:\/\/volumetrico.io\/wp-content\/uploads\/2022\/08\/volumetrico-logo-1.svg\",\"contentUrl\":\"https:\/\/volumetrico.io\/wp-content\/uploads\/2022\/08\/volumetrico-logo-1.svg\",\"width\":726,\"height\":244,\"caption\":\"3D modelling, animation, and video production | Volumetrico\"},\"image\":{\"@id\":\"https:\/\/volumetrico.io\/#\/schema\/logo\/image\/\"}}]}<\/script>\n<!-- \/ Yoast SEO Premium plugin. -->","yoast_head_json":{"title":"FAQ | Volumetrico","description":"Volumetrico experts answered the most Frequently Asked Questions","robots":{"index":"index","follow":"follow","max-snippet":"max-snippet:-1","max-image-preview":"max-image-preview:large","max-video-preview":"max-video-preview:-1"},"canonical":"https:\/\/volumetrico.io\/es\/faq\/","og_locale":"es_ES","og_type":"article","og_title":"FaQ","og_description":"Volumetrico experts answered the most Frequently Asked Questions","og_url":"https:\/\/volumetrico.io\/es\/faq\/","og_site_name":"3D modelling, animation, and video production | Volumetrico","article_publisher":"https:\/\/www.facebook.com\/volumetrico.agency","article_modified_time":"2022-11-29T13:10:11+00:00","og_image":[{"width":1024,"height":512,"url":"https:\/\/volumetrico.io\/wp-content\/uploads\/2022\/08\/1024-\u00d7-514.png","type":"image\/png"}],"twitter_card":"summary_large_image","twitter_image":"https:\/\/volumetrico.io\/wp-content\/uploads\/2022\/08\/500-\u00d7-261.png","twitter_misc":{"Tiempo de lectura":"3 minutos"},"schema":{"@context":"https:\/\/schema.org","@graph":[{"@type":"WebPage","@id":"https:\/\/volumetrico.io\/faq\/","url":"https:\/\/volumetrico.io\/faq\/","name":"FAQ | Volumetrico","isPartOf":{"@id":"https:\/\/volumetrico.io\/#website"},"datePublished":"2022-08-14T17:30:42+00:00","dateModified":"2022-11-29T13:10:11+00:00","description":"Volumetrico experts answered the most Frequently Asked Questions","breadcrumb":{"@id":"https:\/\/volumetrico.io\/faq\/#breadcrumb"},"inLanguage":"es","potentialAction":[{"@type":"ReadAction","target":["https:\/\/volumetrico.io\/faq\/"]}]},{"@type":"BreadcrumbList","@id":"https:\/\/volumetrico.io\/faq\/#breadcrumb","itemListElement":[{"@type":"ListItem","position":1,"name":"Home","item":"https:\/\/volumetrico.io\/"},{"@type":"ListItem","position":2,"name":"FaQ"}]},{"@type":"WebSite","@id":"https:\/\/volumetrico.io\/#website","url":"https:\/\/volumetrico.io\/","name":"3D modelling, animation, and video production | Volumetrico","description":"","publisher":{"@id":"https:\/\/volumetrico.io\/#organization"},"potentialAction":[{"@type":"SearchAction","target":{"@type":"EntryPoint","urlTemplate":"https:\/\/volumetrico.io\/?s={search_term_string}"},"query-input":"required name=search_term_string"}],"inLanguage":"es"},{"@type":"Organization","@id":"https:\/\/volumetrico.io\/#organization","name":"3D modelling, animation, and video production | Volumetrico","url":"https:\/\/volumetrico.io\/","sameAs":["https:\/\/www.facebook.com\/volumetrico.agency"],"logo":{"@type":"ImageObject","inLanguage":"es","@id":"https:\/\/volumetrico.io\/#\/schema\/logo\/image\/","url":"https:\/\/volumetrico.io\/wp-content\/uploads\/2022\/08\/volumetrico-logo-1.svg","contentUrl":"https:\/\/volumetrico.io\/wp-content\/uploads\/2022\/08\/volumetrico-logo-1.svg","width":726,"height":244,"caption":"3D modelling, animation, and video production | Volumetrico"},"image":{"@id":"https:\/\/volumetrico.io\/#\/schema\/logo\/image\/"}}]}},"_links":{"self":[{"href":"https:\/\/volumetrico.io\/es\/wp-json\/wp\/v2\/pages\/308","targetHints":{"allow":["GET"]}}],"collection":[{"href":"https:\/\/volumetrico.io\/es\/wp-json\/wp\/v2\/pages"}],"about":[{"href":"https:\/\/volumetrico.io\/es\/wp-json\/wp\/v2\/types\/page"}],"author":[{"embeddable":true,"href":"https:\/\/volumetrico.io\/es\/wp-json\/wp\/v2\/users\/1"}],"replies":[{"embeddable":true,"href":"https:\/\/volumetrico.io\/es\/wp-json\/wp\/v2\/comments?post=308"}],"version-history":[{"count":50,"href":"https:\/\/volumetrico.io\/es\/wp-json\/wp\/v2\/pages\/308\/revisions"}],"predecessor-version":[{"id":4212,"href":"https:\/\/volumetrico.io\/es\/wp-json\/wp\/v2\/pages\/308\/revisions\/4212"}],"wp:attachment":[{"href":"https:\/\/volumetrico.io\/es\/wp-json\/wp\/v2\/media?parent=308"}],"curies":[{"name":"wp","href":"https:\/\/api.w.org\/{rel}","templated":true}]}}