{"id":1424,"date":"2022-08-23T11:17:02","date_gmt":"2022-08-23T11:17:02","guid":{"rendered":"https:\/\/volumetrico.io\/?post_type=product&#038;p=1424"},"modified":"2023-04-24T22:48:04","modified_gmt":"2023-04-24T22:48:04","slug":"animal-collection-3d-model-pack","status":"publish","type":"product","link":"https:\/\/volumetrico.io\/es\/product\/animal-collection-3d-model-pack\/","title":{"rendered":"Pack de Modelos 3D Animal Collection"},"content":{"rendered":"<p>Alto detalle y modelo realista con renderizador V-Ray 3.6. El modelo tiene tipolog\u00eda limpia e iteraci\u00f3n de suavizado. Est\u00e1 completamente armado. La colecci\u00f3n incluye beagle, oso, gato, guepardo, vaca, cocodrilo, ciervo, elefante, zorro, gorila, caballo, hiena, leopardo, le\u00f3n, mamut, mono, cerdo, rinoceronte, tibur\u00f3n, serpiente, tigre, tortuga, morsa, ballena, jabal\u00ed, husky, pastor, lobo.<\/p>","protected":false},"excerpt":{"rendered":"<p>Alto detalle y modelo realista con renderizador V-Ray 3.6. El modelo tiene tipolog\u00eda limpia e iteraci\u00f3n de suavizado. Est\u00e1 completamente armado. La colecci\u00f3n incluye beagle, oso, gato, guepardo, vaca, cocodrilo, ciervo, elefante, zorro, gorila, caballo, hiena, leopardo, le\u00f3n, mamut, mono, cerdo, rinoceronte, tibur\u00f3n, serpiente, tigre, tortuga, morsa, ballena, jabal\u00ed, husky, pastor, lobo.<\/p>","protected":false},"featured_media":4371,"comment_status":"open","ping_status":"closed","template":"","meta":{"inline_featured_image":false},"product_cat":[31],"product_tag":[],"class_list":["post-1424","product","type-product","status-publish","has-post-thumbnail","hentry","product_cat-3d-modeling"],"acf":[],"yoast_head":"<!-- This site is optimized with the Yoast SEO Premium plugin v17.1 (Yoast SEO v19.5.1) - https:\/\/yoast.com\/wordpress\/plugins\/seo\/ -->\n<title>Animal Collection 3D Model Pack - 3D modelling, animation, and video production | Volumetrico<\/title>\n<meta name=\"robots\" content=\"index, follow, max-snippet:-1, max-image-preview:large, max-video-preview:-1\" \/>\n<link rel=\"canonical\" href=\"https:\/\/volumetrico.io\/es\/producto\/animal-collection-3d-model-pack\/\" \/>\n<meta property=\"og:locale\" content=\"es_ES\" \/>\n<meta property=\"og:type\" content=\"article\" \/>\n<meta property=\"og:title\" content=\"Animal Collection 3D Model Pack\" \/>\n<meta property=\"og:description\" content=\"High detail and realistic model with Vray 3.6 renderer. The model has clean topology and iteration of smoothing. It is fully rigged. The collection includes beagle, bear, cat, cheetah, cow, crocodile, deer, elephant, fox, gorilla, horse, hyena, leopard, lion, mammoth, monkey, pig, rhino seal, shark, snake, tiger, turtle, walrus, whale, wild boar, husky, shepherd, wolf.\" \/>\n<meta property=\"og:url\" content=\"https:\/\/volumetrico.io\/es\/producto\/animal-collection-3d-model-pack\/\" \/>\n<meta property=\"og:site_name\" content=\"3D modelling, animation, and video production | Volumetrico\" \/>\n<meta property=\"article:publisher\" content=\"https:\/\/www.facebook.com\/volumetrico.agency\" \/>\n<meta property=\"article:modified_time\" content=\"2023-04-24T22:48:04+00:00\" \/>\n<meta property=\"og:image\" content=\"https:\/\/volumetrico.io\/wp-content\/uploads\/2022\/08\/16.webp\" \/>\n\t<meta property=\"og:image:width\" content=\"1000\" \/>\n\t<meta property=\"og:image:height\" content=\"1000\" \/>\n\t<meta property=\"og:image:type\" content=\"image\/webp\" \/>\n<meta name=\"twitter:card\" content=\"summary_large_image\" \/>\n<meta name=\"twitter:label1\" content=\"Tiempo de lectura\" \/>\n\t<meta name=\"twitter:data1\" content=\"1 minuto\" \/>\n<script type=\"application\/ld+json\" class=\"yoast-schema-graph\">{\"@context\":\"https:\/\/schema.org\",\"@graph\":[{\"@type\":\"WebPage\",\"@id\":\"https:\/\/volumetrico.io\/product\/animal-collection-3d-model-pack\/\",\"url\":\"https:\/\/volumetrico.io\/product\/animal-collection-3d-model-pack\/\",\"name\":\"Animal Collection 3D Model Pack - 3D modelling, animation, and video production | Volumetrico\",\"isPartOf\":{\"@id\":\"https:\/\/volumetrico.io\/#website\"},\"datePublished\":\"2022-08-23T11:17:02+00:00\",\"dateModified\":\"2023-04-24T22:48:04+00:00\",\"breadcrumb\":{\"@id\":\"https:\/\/volumetrico.io\/product\/animal-collection-3d-model-pack\/#breadcrumb\"},\"inLanguage\":\"es\",\"potentialAction\":[{\"@type\":\"ReadAction\",\"target\":[\"https:\/\/volumetrico.io\/product\/animal-collection-3d-model-pack\/\"]}]},{\"@type\":\"BreadcrumbList\",\"@id\":\"https:\/\/volumetrico.io\/product\/animal-collection-3d-model-pack\/#breadcrumb\",\"itemListElement\":[{\"@type\":\"ListItem\",\"position\":1,\"name\":\"Home\",\"item\":\"https:\/\/volumetrico.io\/\"},{\"@type\":\"ListItem\",\"position\":2,\"name\":\"Animal Collection 3D Model Pack\"}]},{\"@type\":\"WebSite\",\"@id\":\"https:\/\/volumetrico.io\/#website\",\"url\":\"https:\/\/volumetrico.io\/\",\"name\":\"3D modelling, animation, and video production | Volumetrico\",\"description\":\"\",\"publisher\":{\"@id\":\"https:\/\/volumetrico.io\/#organization\"},\"potentialAction\":[{\"@type\":\"SearchAction\",\"target\":{\"@type\":\"EntryPoint\",\"urlTemplate\":\"https:\/\/volumetrico.io\/?s={search_term_string}\"},\"query-input\":\"required name=search_term_string\"}],\"inLanguage\":\"es\"},{\"@type\":\"Organization\",\"@id\":\"https:\/\/volumetrico.io\/#organization\",\"name\":\"3D modelling, animation, and video production | Volumetrico\",\"url\":\"https:\/\/volumetrico.io\/\",\"sameAs\":[\"https:\/\/www.facebook.com\/volumetrico.agency\"],\"logo\":{\"@type\":\"ImageObject\",\"inLanguage\":\"es\",\"@id\":\"https:\/\/volumetrico.io\/#\/schema\/logo\/image\/\",\"url\":\"https:\/\/volumetrico.io\/wp-content\/uploads\/2022\/08\/volumetrico-logo-1.svg\",\"contentUrl\":\"https:\/\/volumetrico.io\/wp-content\/uploads\/2022\/08\/volumetrico-logo-1.svg\",\"width\":726,\"height\":244,\"caption\":\"3D modelling, animation, and video production | Volumetrico\"},\"image\":{\"@id\":\"https:\/\/volumetrico.io\/#\/schema\/logo\/image\/\"}}]}<\/script>\n<!-- \/ Yoast SEO Premium plugin. -->","yoast_head_json":{"title":"Animal Collection 3D Model Pack - 3D modelling, animation, and video production | Volumetrico","robots":{"index":"index","follow":"follow","max-snippet":"max-snippet:-1","max-image-preview":"max-image-preview:large","max-video-preview":"max-video-preview:-1"},"canonical":"https:\/\/volumetrico.io\/es\/producto\/animal-collection-3d-model-pack\/","og_locale":"es_ES","og_type":"article","og_title":"Animal Collection 3D Model Pack","og_description":"High detail and realistic model with Vray 3.6 renderer. The model has clean topology and iteration of smoothing. It is fully rigged. The collection includes beagle, bear, cat, cheetah, cow, crocodile, deer, elephant, fox, gorilla, horse, hyena, leopard, lion, mammoth, monkey, pig, rhino seal, shark, snake, tiger, turtle, walrus, whale, wild boar, husky, shepherd, wolf.","og_url":"https:\/\/volumetrico.io\/es\/producto\/animal-collection-3d-model-pack\/","og_site_name":"3D modelling, animation, and video production | Volumetrico","article_publisher":"https:\/\/www.facebook.com\/volumetrico.agency","article_modified_time":"2023-04-24T22:48:04+00:00","og_image":[{"width":1000,"height":1000,"url":"https:\/\/volumetrico.io\/wp-content\/uploads\/2022\/08\/16.webp","type":"image\/webp"}],"twitter_card":"summary_large_image","twitter_misc":{"Tiempo de lectura":"1 minuto"},"schema":{"@context":"https:\/\/schema.org","@graph":[{"@type":"WebPage","@id":"https:\/\/volumetrico.io\/product\/animal-collection-3d-model-pack\/","url":"https:\/\/volumetrico.io\/product\/animal-collection-3d-model-pack\/","name":"Animal Collection 3D Model Pack - 3D modelling, animation, and video production | Volumetrico","isPartOf":{"@id":"https:\/\/volumetrico.io\/#website"},"datePublished":"2022-08-23T11:17:02+00:00","dateModified":"2023-04-24T22:48:04+00:00","breadcrumb":{"@id":"https:\/\/volumetrico.io\/product\/animal-collection-3d-model-pack\/#breadcrumb"},"inLanguage":"es","potentialAction":[{"@type":"ReadAction","target":["https:\/\/volumetrico.io\/product\/animal-collection-3d-model-pack\/"]}]},{"@type":"BreadcrumbList","@id":"https:\/\/volumetrico.io\/product\/animal-collection-3d-model-pack\/#breadcrumb","itemListElement":[{"@type":"ListItem","position":1,"name":"Home","item":"https:\/\/volumetrico.io\/"},{"@type":"ListItem","position":2,"name":"Animal Collection 3D Model Pack"}]},{"@type":"WebSite","@id":"https:\/\/volumetrico.io\/#website","url":"https:\/\/volumetrico.io\/","name":"3D modelling, animation, and video production | Volumetrico","description":"","publisher":{"@id":"https:\/\/volumetrico.io\/#organization"},"potentialAction":[{"@type":"SearchAction","target":{"@type":"EntryPoint","urlTemplate":"https:\/\/volumetrico.io\/?s={search_term_string}"},"query-input":"required name=search_term_string"}],"inLanguage":"es"},{"@type":"Organization","@id":"https:\/\/volumetrico.io\/#organization","name":"3D modelling, animation, and video production | Volumetrico","url":"https:\/\/volumetrico.io\/","sameAs":["https:\/\/www.facebook.com\/volumetrico.agency"],"logo":{"@type":"ImageObject","inLanguage":"es","@id":"https:\/\/volumetrico.io\/#\/schema\/logo\/image\/","url":"https:\/\/volumetrico.io\/wp-content\/uploads\/2022\/08\/volumetrico-logo-1.svg","contentUrl":"https:\/\/volumetrico.io\/wp-content\/uploads\/2022\/08\/volumetrico-logo-1.svg","width":726,"height":244,"caption":"3D modelling, animation, and video production | Volumetrico"},"image":{"@id":"https:\/\/volumetrico.io\/#\/schema\/logo\/image\/"}}]}},"_links":{"self":[{"href":"https:\/\/volumetrico.io\/es\/wp-json\/wp\/v2\/product\/1424","targetHints":{"allow":["GET"]}}],"collection":[{"href":"https:\/\/volumetrico.io\/es\/wp-json\/wp\/v2\/product"}],"about":[{"href":"https:\/\/volumetrico.io\/es\/wp-json\/wp\/v2\/types\/product"}],"replies":[{"embeddable":true,"href":"https:\/\/volumetrico.io\/es\/wp-json\/wp\/v2\/comments?post=1424"}],"wp:featuredmedia":[{"embeddable":true,"href":"https:\/\/volumetrico.io\/es\/wp-json\/wp\/v2\/media\/4371"}],"wp:attachment":[{"href":"https:\/\/volumetrico.io\/es\/wp-json\/wp\/v2\/media?parent=1424"}],"wp:term":[{"taxonomy":"product_cat","embeddable":true,"href":"https:\/\/volumetrico.io\/es\/wp-json\/wp\/v2\/product_cat?post=1424"},{"taxonomy":"product_tag","embeddable":true,"href":"https:\/\/volumetrico.io\/es\/wp-json\/wp\/v2\/product_tag?post=1424"}],"curies":[{"name":"wp","href":"https:\/\/api.w.org\/{rel}","templated":true}]}}