{"id":1478,"date":"2022-08-23T21:11:52","date_gmt":"2022-08-23T21:11:52","guid":{"rendered":"https:\/\/volumetrico.io\/?post_type=product&#038;p=1478"},"modified":"2023-02-08T10:37:13","modified_gmt":"2023-02-08T10:37:13","slug":"adult-man-posing-video","status":"publish","type":"product","link":"https:\/\/volumetrico.io\/es\/product\/adult-man-posing-video\/","title":{"rendered":"Video de Hombre Adulto Posando"},"content":{"rendered":"<p>Motion graphics con un ambiente de filosof\u00eda cient\u00edfica. Con un movimiento de vuelo \u00e9pico desde un primer plano hasta una silueta digital de realidad virtual. Retrato de un h\u00e9roe futurista que sue\u00f1a y fantasea.<\/p>","protected":false},"excerpt":{"rendered":"<p>Motion graphics con un ambiente de filosof\u00eda cient\u00edfica. Con un movimiento de vuelo \u00e9pico desde un primer plano hasta una silueta digital de realidad virtual. Retrato de un h\u00e9roe futurista que sue\u00f1a y fantasea.<\/p>","protected":false},"featured_media":3583,"comment_status":"open","ping_status":"closed","template":"","meta":{"inline_featured_image":false},"product_cat":[33],"product_tag":[],"class_list":["post-1478","product","type-product","status-publish","has-post-thumbnail","hentry","product_cat-video-production-3d-models"],"acf":[],"yoast_head":"<!-- This site is optimized with the Yoast SEO Premium plugin v17.1 (Yoast SEO v19.5.1) - https:\/\/yoast.com\/wordpress\/plugins\/seo\/ -->\n<title>Adult Man Posing Video - 3D modelling, animation, and video production | Volumetrico<\/title>\n<meta name=\"robots\" content=\"index, follow, max-snippet:-1, max-image-preview:large, max-video-preview:-1\" \/>\n<link rel=\"canonical\" href=\"https:\/\/volumetrico.io\/es\/producto\/adult-man-posing-video\/\" \/>\n<meta property=\"og:locale\" content=\"es_ES\" \/>\n<meta property=\"og:type\" content=\"article\" \/>\n<meta property=\"og:title\" content=\"Adult Man Posing Video\" \/>\n<meta property=\"og:description\" content=\"Motion graphics with a science philosophy vibe. Tech Epic Flight Movement from closeup shot to historical Dramatic VR digital silhouette. Portrayed a futuristic hero who dreams and fantasies.\" \/>\n<meta property=\"og:url\" content=\"https:\/\/volumetrico.io\/es\/producto\/adult-man-posing-video\/\" \/>\n<meta property=\"og:site_name\" content=\"3D modelling, animation, and video production | Volumetrico\" \/>\n<meta property=\"article:publisher\" content=\"https:\/\/www.facebook.com\/volumetrico.agency\" \/>\n<meta property=\"article:modified_time\" content=\"2023-02-08T10:37:13+00:00\" \/>\n<meta property=\"og:image\" content=\"https:\/\/volumetrico.io\/wp-content\/uploads\/2022\/08\/5-1.webp\" \/>\n\t<meta property=\"og:image:width\" content=\"480\" \/>\n\t<meta property=\"og:image:height\" content=\"270\" \/>\n\t<meta property=\"og:image:type\" content=\"image\/webp\" \/>\n<meta name=\"twitter:card\" content=\"summary_large_image\" \/>\n<meta name=\"twitter:label1\" content=\"Tiempo de lectura\" \/>\n\t<meta name=\"twitter:data1\" content=\"1 minuto\" \/>\n<script type=\"application\/ld+json\" class=\"yoast-schema-graph\">{\"@context\":\"https:\/\/schema.org\",\"@graph\":[{\"@type\":\"WebPage\",\"@id\":\"https:\/\/volumetrico.io\/product\/adult-man-posing-video\/\",\"url\":\"https:\/\/volumetrico.io\/product\/adult-man-posing-video\/\",\"name\":\"Adult Man Posing Video - 3D modelling, animation, and video production | Volumetrico\",\"isPartOf\":{\"@id\":\"https:\/\/volumetrico.io\/#website\"},\"datePublished\":\"2022-08-23T21:11:52+00:00\",\"dateModified\":\"2023-02-08T10:37:13+00:00\",\"breadcrumb\":{\"@id\":\"https:\/\/volumetrico.io\/product\/adult-man-posing-video\/#breadcrumb\"},\"inLanguage\":\"es\",\"potentialAction\":[{\"@type\":\"ReadAction\",\"target\":[\"https:\/\/volumetrico.io\/product\/adult-man-posing-video\/\"]}]},{\"@type\":\"BreadcrumbList\",\"@id\":\"https:\/\/volumetrico.io\/product\/adult-man-posing-video\/#breadcrumb\",\"itemListElement\":[{\"@type\":\"ListItem\",\"position\":1,\"name\":\"Home\",\"item\":\"https:\/\/volumetrico.io\/\"},{\"@type\":\"ListItem\",\"position\":2,\"name\":\"Adult Man Posing Video\"}]},{\"@type\":\"WebSite\",\"@id\":\"https:\/\/volumetrico.io\/#website\",\"url\":\"https:\/\/volumetrico.io\/\",\"name\":\"3D modelling, animation, and video production | Volumetrico\",\"description\":\"\",\"publisher\":{\"@id\":\"https:\/\/volumetrico.io\/#organization\"},\"potentialAction\":[{\"@type\":\"SearchAction\",\"target\":{\"@type\":\"EntryPoint\",\"urlTemplate\":\"https:\/\/volumetrico.io\/?s={search_term_string}\"},\"query-input\":\"required name=search_term_string\"}],\"inLanguage\":\"es\"},{\"@type\":\"Organization\",\"@id\":\"https:\/\/volumetrico.io\/#organization\",\"name\":\"3D modelling, animation, and video production | Volumetrico\",\"url\":\"https:\/\/volumetrico.io\/\",\"sameAs\":[\"https:\/\/www.facebook.com\/volumetrico.agency\"],\"logo\":{\"@type\":\"ImageObject\",\"inLanguage\":\"es\",\"@id\":\"https:\/\/volumetrico.io\/#\/schema\/logo\/image\/\",\"url\":\"https:\/\/volumetrico.io\/wp-content\/uploads\/2022\/08\/volumetrico-logo-1.svg\",\"contentUrl\":\"https:\/\/volumetrico.io\/wp-content\/uploads\/2022\/08\/volumetrico-logo-1.svg\",\"width\":726,\"height\":244,\"caption\":\"3D modelling, animation, and video production | Volumetrico\"},\"image\":{\"@id\":\"https:\/\/volumetrico.io\/#\/schema\/logo\/image\/\"}}]}<\/script>\n<!-- \/ Yoast SEO Premium plugin. -->","yoast_head_json":{"title":"Adult Man Posing Video - 3D modelling, animation, and video production | Volumetrico","robots":{"index":"index","follow":"follow","max-snippet":"max-snippet:-1","max-image-preview":"max-image-preview:large","max-video-preview":"max-video-preview:-1"},"canonical":"https:\/\/volumetrico.io\/es\/producto\/adult-man-posing-video\/","og_locale":"es_ES","og_type":"article","og_title":"Adult Man Posing Video","og_description":"Motion graphics with a science philosophy vibe. Tech Epic Flight Movement from closeup shot to historical Dramatic VR digital silhouette. Portrayed a futuristic hero who dreams and fantasies.","og_url":"https:\/\/volumetrico.io\/es\/producto\/adult-man-posing-video\/","og_site_name":"3D modelling, animation, and video production | Volumetrico","article_publisher":"https:\/\/www.facebook.com\/volumetrico.agency","article_modified_time":"2023-02-08T10:37:13+00:00","og_image":[{"width":480,"height":270,"url":"https:\/\/volumetrico.io\/wp-content\/uploads\/2022\/08\/5-1.webp","type":"image\/webp"}],"twitter_card":"summary_large_image","twitter_misc":{"Tiempo de lectura":"1 minuto"},"schema":{"@context":"https:\/\/schema.org","@graph":[{"@type":"WebPage","@id":"https:\/\/volumetrico.io\/product\/adult-man-posing-video\/","url":"https:\/\/volumetrico.io\/product\/adult-man-posing-video\/","name":"Adult Man Posing Video - 3D modelling, animation, and video production | Volumetrico","isPartOf":{"@id":"https:\/\/volumetrico.io\/#website"},"datePublished":"2022-08-23T21:11:52+00:00","dateModified":"2023-02-08T10:37:13+00:00","breadcrumb":{"@id":"https:\/\/volumetrico.io\/product\/adult-man-posing-video\/#breadcrumb"},"inLanguage":"es","potentialAction":[{"@type":"ReadAction","target":["https:\/\/volumetrico.io\/product\/adult-man-posing-video\/"]}]},{"@type":"BreadcrumbList","@id":"https:\/\/volumetrico.io\/product\/adult-man-posing-video\/#breadcrumb","itemListElement":[{"@type":"ListItem","position":1,"name":"Home","item":"https:\/\/volumetrico.io\/"},{"@type":"ListItem","position":2,"name":"Adult Man Posing Video"}]},{"@type":"WebSite","@id":"https:\/\/volumetrico.io\/#website","url":"https:\/\/volumetrico.io\/","name":"3D modelling, animation, and video production | Volumetrico","description":"","publisher":{"@id":"https:\/\/volumetrico.io\/#organization"},"potentialAction":[{"@type":"SearchAction","target":{"@type":"EntryPoint","urlTemplate":"https:\/\/volumetrico.io\/?s={search_term_string}"},"query-input":"required name=search_term_string"}],"inLanguage":"es"},{"@type":"Organization","@id":"https:\/\/volumetrico.io\/#organization","name":"3D modelling, animation, and video production | Volumetrico","url":"https:\/\/volumetrico.io\/","sameAs":["https:\/\/www.facebook.com\/volumetrico.agency"],"logo":{"@type":"ImageObject","inLanguage":"es","@id":"https:\/\/volumetrico.io\/#\/schema\/logo\/image\/","url":"https:\/\/volumetrico.io\/wp-content\/uploads\/2022\/08\/volumetrico-logo-1.svg","contentUrl":"https:\/\/volumetrico.io\/wp-content\/uploads\/2022\/08\/volumetrico-logo-1.svg","width":726,"height":244,"caption":"3D modelling, animation, and video production | Volumetrico"},"image":{"@id":"https:\/\/volumetrico.io\/#\/schema\/logo\/image\/"}}]}},"_links":{"self":[{"href":"https:\/\/volumetrico.io\/es\/wp-json\/wp\/v2\/product\/1478","targetHints":{"allow":["GET"]}}],"collection":[{"href":"https:\/\/volumetrico.io\/es\/wp-json\/wp\/v2\/product"}],"about":[{"href":"https:\/\/volumetrico.io\/es\/wp-json\/wp\/v2\/types\/product"}],"replies":[{"embeddable":true,"href":"https:\/\/volumetrico.io\/es\/wp-json\/wp\/v2\/comments?post=1478"}],"wp:featuredmedia":[{"embeddable":true,"href":"https:\/\/volumetrico.io\/es\/wp-json\/wp\/v2\/media\/3583"}],"wp:attachment":[{"href":"https:\/\/volumetrico.io\/es\/wp-json\/wp\/v2\/media?parent=1478"}],"wp:term":[{"taxonomy":"product_cat","embeddable":true,"href":"https:\/\/volumetrico.io\/es\/wp-json\/wp\/v2\/product_cat?post=1478"},{"taxonomy":"product_tag","embeddable":true,"href":"https:\/\/volumetrico.io\/es\/wp-json\/wp\/v2\/product_tag?post=1478"}],"curies":[{"name":"wp","href":"https:\/\/api.w.org\/{rel}","templated":true}]}}