{"id":1479,"date":"2022-08-23T21:13:04","date_gmt":"2022-08-23T21:13:04","guid":{"rendered":"https:\/\/volumetrico.io\/?post_type=product&#038;p=1479"},"modified":"2023-02-08T10:40:33","modified_gmt":"2023-02-08T10:40:33","slug":"glass-cosmetic-jar-video","status":"publish","type":"product","link":"https:\/\/volumetrico.io\/es\/product\/glass-cosmetic-jar-video\/","title":{"rendered":"Video de Frascos de Cosm\u00e9ticos de Vidrio"},"content":{"rendered":"<p>Animaci\u00f3n 3D realista con un frasco de cosm\u00e9ticos de vidrio vac\u00edo con tapa blanca y en contraste con un fondo rosa. La imagen muestra un dise\u00f1o de productos de belleza para el cuidado de la piel y cosm\u00e9ticos femeninos. El frasco gira lentamente en el aire.<\/p>","protected":false},"excerpt":{"rendered":"<p>Animaci\u00f3n 3D realista con un frasco de cosm\u00e9ticos de vidrio vac\u00edo con tapa blanca y en contraste con un fondo rosa. La imagen muestra un dise\u00f1o de productos de belleza para el cuidado de la piel y cosm\u00e9ticos femeninos. El frasco gira lentamente en el aire.<\/p>","protected":false},"featured_media":3584,"comment_status":"open","ping_status":"closed","template":"","meta":{"inline_featured_image":false},"product_cat":[33],"product_tag":[],"class_list":["post-1479","product","type-product","status-publish","has-post-thumbnail","hentry","product_cat-video-production-3d-models"],"acf":[],"yoast_head":"<!-- This site is optimized with the Yoast SEO Premium plugin v17.1 (Yoast SEO v19.5.1) - https:\/\/yoast.com\/wordpress\/plugins\/seo\/ -->\n<title>Glass Cosmetic Jar Video - 3D modelling, animation, and video production | Volumetrico<\/title>\n<meta name=\"robots\" content=\"index, follow, max-snippet:-1, max-image-preview:large, max-video-preview:-1\" \/>\n<link rel=\"canonical\" href=\"https:\/\/volumetrico.io\/es\/producto\/glass-cosmetic-jar-video\/\" \/>\n<meta property=\"og:locale\" content=\"es_ES\" \/>\n<meta property=\"og:type\" content=\"article\" \/>\n<meta property=\"og:title\" content=\"Glass Cosmetic Jar Video\" \/>\n<meta property=\"og:description\" content=\"Realistic 3D animation with glass cosmetic empty jar with white lid isolated on pink background. The image of the sample of beauty product layout for women\u2019s cosmetics skin care. The bottle rotates slowly in the air.\" \/>\n<meta property=\"og:url\" content=\"https:\/\/volumetrico.io\/es\/producto\/glass-cosmetic-jar-video\/\" \/>\n<meta property=\"og:site_name\" content=\"3D modelling, animation, and video production | Volumetrico\" \/>\n<meta property=\"article:publisher\" content=\"https:\/\/www.facebook.com\/volumetrico.agency\" \/>\n<meta property=\"article:modified_time\" content=\"2023-02-08T10:40:33+00:00\" \/>\n<meta property=\"og:image\" content=\"https:\/\/volumetrico.io\/wp-content\/uploads\/2022\/08\/1-12.webp\" \/>\n\t<meta property=\"og:image:width\" content=\"480\" \/>\n\t<meta property=\"og:image:height\" content=\"270\" \/>\n\t<meta property=\"og:image:type\" content=\"image\/webp\" \/>\n<meta name=\"twitter:card\" content=\"summary_large_image\" \/>\n<meta name=\"twitter:label1\" content=\"Tiempo de lectura\" \/>\n\t<meta name=\"twitter:data1\" content=\"1 minuto\" \/>\n<script type=\"application\/ld+json\" class=\"yoast-schema-graph\">{\"@context\":\"https:\/\/schema.org\",\"@graph\":[{\"@type\":\"WebPage\",\"@id\":\"https:\/\/volumetrico.io\/product\/glass-cosmetic-jar-video\/\",\"url\":\"https:\/\/volumetrico.io\/product\/glass-cosmetic-jar-video\/\",\"name\":\"Glass Cosmetic Jar Video - 3D modelling, animation, and video production | Volumetrico\",\"isPartOf\":{\"@id\":\"https:\/\/volumetrico.io\/#website\"},\"datePublished\":\"2022-08-23T21:13:04+00:00\",\"dateModified\":\"2023-02-08T10:40:33+00:00\",\"breadcrumb\":{\"@id\":\"https:\/\/volumetrico.io\/product\/glass-cosmetic-jar-video\/#breadcrumb\"},\"inLanguage\":\"es\",\"potentialAction\":[{\"@type\":\"ReadAction\",\"target\":[\"https:\/\/volumetrico.io\/product\/glass-cosmetic-jar-video\/\"]}]},{\"@type\":\"BreadcrumbList\",\"@id\":\"https:\/\/volumetrico.io\/product\/glass-cosmetic-jar-video\/#breadcrumb\",\"itemListElement\":[{\"@type\":\"ListItem\",\"position\":1,\"name\":\"Home\",\"item\":\"https:\/\/volumetrico.io\/\"},{\"@type\":\"ListItem\",\"position\":2,\"name\":\"Glass Cosmetic Jar Video\"}]},{\"@type\":\"WebSite\",\"@id\":\"https:\/\/volumetrico.io\/#website\",\"url\":\"https:\/\/volumetrico.io\/\",\"name\":\"3D modelling, animation, and video production | Volumetrico\",\"description\":\"\",\"publisher\":{\"@id\":\"https:\/\/volumetrico.io\/#organization\"},\"potentialAction\":[{\"@type\":\"SearchAction\",\"target\":{\"@type\":\"EntryPoint\",\"urlTemplate\":\"https:\/\/volumetrico.io\/?s={search_term_string}\"},\"query-input\":\"required name=search_term_string\"}],\"inLanguage\":\"es\"},{\"@type\":\"Organization\",\"@id\":\"https:\/\/volumetrico.io\/#organization\",\"name\":\"3D modelling, animation, and video production | Volumetrico\",\"url\":\"https:\/\/volumetrico.io\/\",\"sameAs\":[\"https:\/\/www.facebook.com\/volumetrico.agency\"],\"logo\":{\"@type\":\"ImageObject\",\"inLanguage\":\"es\",\"@id\":\"https:\/\/volumetrico.io\/#\/schema\/logo\/image\/\",\"url\":\"https:\/\/volumetrico.io\/wp-content\/uploads\/2022\/08\/volumetrico-logo-1.svg\",\"contentUrl\":\"https:\/\/volumetrico.io\/wp-content\/uploads\/2022\/08\/volumetrico-logo-1.svg\",\"width\":726,\"height\":244,\"caption\":\"3D modelling, animation, and video production | Volumetrico\"},\"image\":{\"@id\":\"https:\/\/volumetrico.io\/#\/schema\/logo\/image\/\"}}]}<\/script>\n<!-- \/ Yoast SEO Premium plugin. -->","yoast_head_json":{"title":"Glass Cosmetic Jar Video - 3D modelling, animation, and video production | Volumetrico","robots":{"index":"index","follow":"follow","max-snippet":"max-snippet:-1","max-image-preview":"max-image-preview:large","max-video-preview":"max-video-preview:-1"},"canonical":"https:\/\/volumetrico.io\/es\/producto\/glass-cosmetic-jar-video\/","og_locale":"es_ES","og_type":"article","og_title":"Glass Cosmetic Jar Video","og_description":"Realistic 3D animation with glass cosmetic empty jar with white lid isolated on pink background. The image of the sample of beauty product layout for women\u2019s cosmetics skin care. The bottle rotates slowly in the air.","og_url":"https:\/\/volumetrico.io\/es\/producto\/glass-cosmetic-jar-video\/","og_site_name":"3D modelling, animation, and video production | Volumetrico","article_publisher":"https:\/\/www.facebook.com\/volumetrico.agency","article_modified_time":"2023-02-08T10:40:33+00:00","og_image":[{"width":480,"height":270,"url":"https:\/\/volumetrico.io\/wp-content\/uploads\/2022\/08\/1-12.webp","type":"image\/webp"}],"twitter_card":"summary_large_image","twitter_misc":{"Tiempo de lectura":"1 minuto"},"schema":{"@context":"https:\/\/schema.org","@graph":[{"@type":"WebPage","@id":"https:\/\/volumetrico.io\/product\/glass-cosmetic-jar-video\/","url":"https:\/\/volumetrico.io\/product\/glass-cosmetic-jar-video\/","name":"Glass Cosmetic Jar Video - 3D modelling, animation, and video production | Volumetrico","isPartOf":{"@id":"https:\/\/volumetrico.io\/#website"},"datePublished":"2022-08-23T21:13:04+00:00","dateModified":"2023-02-08T10:40:33+00:00","breadcrumb":{"@id":"https:\/\/volumetrico.io\/product\/glass-cosmetic-jar-video\/#breadcrumb"},"inLanguage":"es","potentialAction":[{"@type":"ReadAction","target":["https:\/\/volumetrico.io\/product\/glass-cosmetic-jar-video\/"]}]},{"@type":"BreadcrumbList","@id":"https:\/\/volumetrico.io\/product\/glass-cosmetic-jar-video\/#breadcrumb","itemListElement":[{"@type":"ListItem","position":1,"name":"Home","item":"https:\/\/volumetrico.io\/"},{"@type":"ListItem","position":2,"name":"Glass Cosmetic Jar Video"}]},{"@type":"WebSite","@id":"https:\/\/volumetrico.io\/#website","url":"https:\/\/volumetrico.io\/","name":"3D modelling, animation, and video production | Volumetrico","description":"","publisher":{"@id":"https:\/\/volumetrico.io\/#organization"},"potentialAction":[{"@type":"SearchAction","target":{"@type":"EntryPoint","urlTemplate":"https:\/\/volumetrico.io\/?s={search_term_string}"},"query-input":"required name=search_term_string"}],"inLanguage":"es"},{"@type":"Organization","@id":"https:\/\/volumetrico.io\/#organization","name":"3D modelling, animation, and video production | Volumetrico","url":"https:\/\/volumetrico.io\/","sameAs":["https:\/\/www.facebook.com\/volumetrico.agency"],"logo":{"@type":"ImageObject","inLanguage":"es","@id":"https:\/\/volumetrico.io\/#\/schema\/logo\/image\/","url":"https:\/\/volumetrico.io\/wp-content\/uploads\/2022\/08\/volumetrico-logo-1.svg","contentUrl":"https:\/\/volumetrico.io\/wp-content\/uploads\/2022\/08\/volumetrico-logo-1.svg","width":726,"height":244,"caption":"3D modelling, animation, and video production | Volumetrico"},"image":{"@id":"https:\/\/volumetrico.io\/#\/schema\/logo\/image\/"}}]}},"_links":{"self":[{"href":"https:\/\/volumetrico.io\/es\/wp-json\/wp\/v2\/product\/1479","targetHints":{"allow":["GET"]}}],"collection":[{"href":"https:\/\/volumetrico.io\/es\/wp-json\/wp\/v2\/product"}],"about":[{"href":"https:\/\/volumetrico.io\/es\/wp-json\/wp\/v2\/types\/product"}],"replies":[{"embeddable":true,"href":"https:\/\/volumetrico.io\/es\/wp-json\/wp\/v2\/comments?post=1479"}],"wp:featuredmedia":[{"embeddable":true,"href":"https:\/\/volumetrico.io\/es\/wp-json\/wp\/v2\/media\/3584"}],"wp:attachment":[{"href":"https:\/\/volumetrico.io\/es\/wp-json\/wp\/v2\/media?parent=1479"}],"wp:term":[{"taxonomy":"product_cat","embeddable":true,"href":"https:\/\/volumetrico.io\/es\/wp-json\/wp\/v2\/product_cat?post=1479"},{"taxonomy":"product_tag","embeddable":true,"href":"https:\/\/volumetrico.io\/es\/wp-json\/wp\/v2\/product_tag?post=1479"}],"curies":[{"name":"wp","href":"https:\/\/api.w.org\/{rel}","templated":true}]}}