{"id":1400,"date":"2022-08-23T10:10:11","date_gmt":"2022-08-23T10:10:11","guid":{"rendered":"https:\/\/volumetrico.io\/?post_type=product&#038;p=1400"},"modified":"2023-04-24T22:40:37","modified_gmt":"2023-04-24T22:40:37","slug":"golden-dragon-equipped-with-a-v3-hd-3d-model-pack","status":"publish","type":"product","link":"https:\/\/volumetrico.io\/it\/product\/golden-dragon-equipped-with-a-v3-hd-3d-model-pack\/","title":{"rendered":"Drago d'oro con pacchetto di modelli V3 HD 3D"},"content":{"rendered":"<p>Modello poligonale di alta qualit\u00e0 creato con Maya. Il rigging \u00e8 stato realizzato con Maya Joint e Motion Paths. \u00c8 possibile visualizzare l'anteprima del rendering con Mental Ray. Sono inclusi altri formati esportati da Maya e non \u00e8 necessario alcun plugin speciale per aprire la scena.<\/p>","protected":false},"excerpt":{"rendered":"<p>Modello poligonale di alta qualit\u00e0 creato con Maya. Il rigging \u00e8 stato realizzato con Maya Joint e Motion Paths. \u00c8 possibile visualizzare l'anteprima del rendering con Mental Ray. Sono inclusi altri formati esportati da Maya e non \u00e8 necessario alcun plugin speciale per aprire la scena.<\/p>","protected":false},"featured_media":4357,"comment_status":"open","ping_status":"closed","template":"","meta":{"inline_featured_image":false},"product_cat":[31],"product_tag":[],"class_list":["post-1400","product","type-product","status-publish","has-post-thumbnail","hentry","product_cat-3d-modeling"],"acf":[],"yoast_head":"<!-- This site is optimized with the Yoast SEO Premium plugin v17.1 (Yoast SEO v19.5.1) - https:\/\/yoast.com\/wordpress\/plugins\/seo\/ -->\n<title>Golden Dragon Equipped With a V3 HD 3D Model Pack - 3D modelling, animation, and video production | Volumetrico<\/title>\n<meta name=\"robots\" content=\"index, follow, max-snippet:-1, max-image-preview:large, max-video-preview:-1\" \/>\n<link rel=\"canonical\" href=\"https:\/\/volumetrico.io\/it\/prodotto\/golden-dragon-equipped-with-a-v3-hd-3d-model-pack\/\" \/>\n<meta property=\"og:locale\" content=\"it_IT\" \/>\n<meta property=\"og:type\" content=\"article\" \/>\n<meta property=\"og:title\" content=\"Golden Dragon Equipped With a V3 HD 3D Model Pack\" \/>\n<meta property=\"og:description\" content=\"High-quality polygonal model created with Maya. Rigging was done with Maya Joint and Motion Paths. You can preview rendered with Mental Ray. Other formats exported from Maya are included, and no special plugin is needed to open the scene.\" \/>\n<meta property=\"og:url\" content=\"https:\/\/volumetrico.io\/it\/prodotto\/golden-dragon-equipped-with-a-v3-hd-3d-model-pack\/\" \/>\n<meta property=\"og:site_name\" content=\"3D modelling, animation, and video production | Volumetrico\" \/>\n<meta property=\"article:publisher\" content=\"https:\/\/www.facebook.com\/volumetrico.agency\" \/>\n<meta property=\"article:modified_time\" content=\"2023-04-24T22:40:37+00:00\" \/>\n<meta property=\"og:image\" content=\"https:\/\/volumetrico.io\/wp-content\/uploads\/2022\/08\/4.webp\" \/>\n\t<meta property=\"og:image:width\" content=\"1000\" \/>\n\t<meta property=\"og:image:height\" content=\"1000\" \/>\n\t<meta property=\"og:image:type\" content=\"image\/webp\" \/>\n<meta name=\"twitter:card\" content=\"summary_large_image\" \/>\n<meta name=\"twitter:label1\" content=\"Tempo di lettura stimato\" \/>\n\t<meta name=\"twitter:data1\" content=\"1 minuto\" \/>\n<script type=\"application\/ld+json\" class=\"yoast-schema-graph\">{\"@context\":\"https:\/\/schema.org\",\"@graph\":[{\"@type\":\"WebPage\",\"@id\":\"https:\/\/volumetrico.io\/product\/golden-dragon-equipped-with-a-v3-hd-3d-model-pack\/\",\"url\":\"https:\/\/volumetrico.io\/product\/golden-dragon-equipped-with-a-v3-hd-3d-model-pack\/\",\"name\":\"Golden Dragon Equipped With a V3 HD 3D Model Pack - 3D modelling, animation, and video production | Volumetrico\",\"isPartOf\":{\"@id\":\"https:\/\/volumetrico.io\/#website\"},\"datePublished\":\"2022-08-23T10:10:11+00:00\",\"dateModified\":\"2023-04-24T22:40:37+00:00\",\"breadcrumb\":{\"@id\":\"https:\/\/volumetrico.io\/product\/golden-dragon-equipped-with-a-v3-hd-3d-model-pack\/#breadcrumb\"},\"inLanguage\":\"it-IT\",\"potentialAction\":[{\"@type\":\"ReadAction\",\"target\":[\"https:\/\/volumetrico.io\/product\/golden-dragon-equipped-with-a-v3-hd-3d-model-pack\/\"]}]},{\"@type\":\"BreadcrumbList\",\"@id\":\"https:\/\/volumetrico.io\/product\/golden-dragon-equipped-with-a-v3-hd-3d-model-pack\/#breadcrumb\",\"itemListElement\":[{\"@type\":\"ListItem\",\"position\":1,\"name\":\"Home\",\"item\":\"https:\/\/volumetrico.io\/\"},{\"@type\":\"ListItem\",\"position\":2,\"name\":\"Golden Dragon Equipped With a V3 HD 3D Model Pack\"}]},{\"@type\":\"WebSite\",\"@id\":\"https:\/\/volumetrico.io\/#website\",\"url\":\"https:\/\/volumetrico.io\/\",\"name\":\"3D modelling, animation, and video production | Volumetrico\",\"description\":\"\",\"publisher\":{\"@id\":\"https:\/\/volumetrico.io\/#organization\"},\"potentialAction\":[{\"@type\":\"SearchAction\",\"target\":{\"@type\":\"EntryPoint\",\"urlTemplate\":\"https:\/\/volumetrico.io\/?s={search_term_string}\"},\"query-input\":\"required name=search_term_string\"}],\"inLanguage\":\"it-IT\"},{\"@type\":\"Organization\",\"@id\":\"https:\/\/volumetrico.io\/#organization\",\"name\":\"3D modelling, animation, and video production | Volumetrico\",\"url\":\"https:\/\/volumetrico.io\/\",\"sameAs\":[\"https:\/\/www.facebook.com\/volumetrico.agency\"],\"logo\":{\"@type\":\"ImageObject\",\"inLanguage\":\"it-IT\",\"@id\":\"https:\/\/volumetrico.io\/#\/schema\/logo\/image\/\",\"url\":\"https:\/\/volumetrico.io\/wp-content\/uploads\/2022\/08\/volumetrico-logo-1.svg\",\"contentUrl\":\"https:\/\/volumetrico.io\/wp-content\/uploads\/2022\/08\/volumetrico-logo-1.svg\",\"width\":726,\"height\":244,\"caption\":\"3D modelling, animation, and video production | Volumetrico\"},\"image\":{\"@id\":\"https:\/\/volumetrico.io\/#\/schema\/logo\/image\/\"}}]}<\/script>\n<!-- \/ Yoast SEO Premium plugin. -->","yoast_head_json":{"title":"Golden Dragon Equipped With a V3 HD 3D Model Pack - 3D modelling, animation, and video production | Volumetrico","robots":{"index":"index","follow":"follow","max-snippet":"max-snippet:-1","max-image-preview":"max-image-preview:large","max-video-preview":"max-video-preview:-1"},"canonical":"https:\/\/volumetrico.io\/it\/prodotto\/golden-dragon-equipped-with-a-v3-hd-3d-model-pack\/","og_locale":"it_IT","og_type":"article","og_title":"Golden Dragon Equipped With a V3 HD 3D Model Pack","og_description":"High-quality polygonal model created with Maya. Rigging was done with Maya Joint and Motion Paths. You can preview rendered with Mental Ray. Other formats exported from Maya are included, and no special plugin is needed to open the scene.","og_url":"https:\/\/volumetrico.io\/it\/prodotto\/golden-dragon-equipped-with-a-v3-hd-3d-model-pack\/","og_site_name":"3D modelling, animation, and video production | Volumetrico","article_publisher":"https:\/\/www.facebook.com\/volumetrico.agency","article_modified_time":"2023-04-24T22:40:37+00:00","og_image":[{"width":1000,"height":1000,"url":"https:\/\/volumetrico.io\/wp-content\/uploads\/2022\/08\/4.webp","type":"image\/webp"}],"twitter_card":"summary_large_image","twitter_misc":{"Tempo di lettura stimato":"1 minuto"},"schema":{"@context":"https:\/\/schema.org","@graph":[{"@type":"WebPage","@id":"https:\/\/volumetrico.io\/product\/golden-dragon-equipped-with-a-v3-hd-3d-model-pack\/","url":"https:\/\/volumetrico.io\/product\/golden-dragon-equipped-with-a-v3-hd-3d-model-pack\/","name":"Golden Dragon Equipped With a V3 HD 3D Model Pack - 3D modelling, animation, and video production | Volumetrico","isPartOf":{"@id":"https:\/\/volumetrico.io\/#website"},"datePublished":"2022-08-23T10:10:11+00:00","dateModified":"2023-04-24T22:40:37+00:00","breadcrumb":{"@id":"https:\/\/volumetrico.io\/product\/golden-dragon-equipped-with-a-v3-hd-3d-model-pack\/#breadcrumb"},"inLanguage":"it-IT","potentialAction":[{"@type":"ReadAction","target":["https:\/\/volumetrico.io\/product\/golden-dragon-equipped-with-a-v3-hd-3d-model-pack\/"]}]},{"@type":"BreadcrumbList","@id":"https:\/\/volumetrico.io\/product\/golden-dragon-equipped-with-a-v3-hd-3d-model-pack\/#breadcrumb","itemListElement":[{"@type":"ListItem","position":1,"name":"Home","item":"https:\/\/volumetrico.io\/"},{"@type":"ListItem","position":2,"name":"Golden Dragon Equipped With a V3 HD 3D Model Pack"}]},{"@type":"WebSite","@id":"https:\/\/volumetrico.io\/#website","url":"https:\/\/volumetrico.io\/","name":"3D modelling, animation, and video production | Volumetrico","description":"","publisher":{"@id":"https:\/\/volumetrico.io\/#organization"},"potentialAction":[{"@type":"SearchAction","target":{"@type":"EntryPoint","urlTemplate":"https:\/\/volumetrico.io\/?s={search_term_string}"},"query-input":"required name=search_term_string"}],"inLanguage":"it-IT"},{"@type":"Organization","@id":"https:\/\/volumetrico.io\/#organization","name":"3D modelling, animation, and video production | Volumetrico","url":"https:\/\/volumetrico.io\/","sameAs":["https:\/\/www.facebook.com\/volumetrico.agency"],"logo":{"@type":"ImageObject","inLanguage":"it-IT","@id":"https:\/\/volumetrico.io\/#\/schema\/logo\/image\/","url":"https:\/\/volumetrico.io\/wp-content\/uploads\/2022\/08\/volumetrico-logo-1.svg","contentUrl":"https:\/\/volumetrico.io\/wp-content\/uploads\/2022\/08\/volumetrico-logo-1.svg","width":726,"height":244,"caption":"3D modelling, animation, and video production | Volumetrico"},"image":{"@id":"https:\/\/volumetrico.io\/#\/schema\/logo\/image\/"}}]}},"_links":{"self":[{"href":"https:\/\/volumetrico.io\/it\/wp-json\/wp\/v2\/product\/1400","targetHints":{"allow":["GET"]}}],"collection":[{"href":"https:\/\/volumetrico.io\/it\/wp-json\/wp\/v2\/product"}],"about":[{"href":"https:\/\/volumetrico.io\/it\/wp-json\/wp\/v2\/types\/product"}],"replies":[{"embeddable":true,"href":"https:\/\/volumetrico.io\/it\/wp-json\/wp\/v2\/comments?post=1400"}],"wp:featuredmedia":[{"embeddable":true,"href":"https:\/\/volumetrico.io\/it\/wp-json\/wp\/v2\/media\/4357"}],"wp:attachment":[{"href":"https:\/\/volumetrico.io\/it\/wp-json\/wp\/v2\/media?parent=1400"}],"wp:term":[{"taxonomy":"product_cat","embeddable":true,"href":"https:\/\/volumetrico.io\/it\/wp-json\/wp\/v2\/product_cat?post=1400"},{"taxonomy":"product_tag","embeddable":true,"href":"https:\/\/volumetrico.io\/it\/wp-json\/wp\/v2\/product_tag?post=1400"}],"curies":[{"name":"wp","href":"https:\/\/api.w.org\/{rel}","templated":true}]}}